{"id":39,"date":"2024-11-10T16:01:00","date_gmt":"2024-11-10T15:01:00","guid":{"rendered":"https:\/\/aerodecap72.fr\/?page_id=39"},"modified":"2025-02-06T08:16:57","modified_gmt":"2025-02-06T07:16:57","slug":"laerogommage-cest-quoi","status":"publish","type":"page","link":"https:\/\/aerodecap72.fr\/index.php\/laerogommage-cest-quoi\/","title":{"rendered":"L&rsquo;A\u00e9rogommage, C&rsquo;est quoi ?"},"content":{"rendered":"\n<figure class=\"wp-block-image size-full\"><img decoding=\"async\" src=\"http:\/\/aerodecap72.fr\/wp-content\/uploads\/2024\/11\/b18b0edd-8a5d-480c-a9e4-309f43fe261b.mp4\" alt=\"\" class=\"wp-image-41\"\/><\/figure>\n\n\n\n<p>C&rsquo;est un proc\u00e9d\u00e9 consistant \u00e0 projeter un m\u00e9lange d\u2019air comprim\u00e9 et de mati\u00e8res abrasives sur une surface afin d\u2019enlever des impuret\u00e9s, de la peinture, de la rouille ou d\u2019autres types de contaminants sans endommager la surface sous-jacente.<\/p>\n\n\n\n<p><strong>C&rsquo;est un d\u00e9capage tout en douceur! <\/strong><\/p>\n\n\n\n<p>Capable d&rsquo;effacer une carte de visite en conservant le carton comme neuf!<\/p>\n\n\n\n<figure class=\"wp-block-image size-full is-resized\"><img loading=\"lazy\" decoding=\"async\" width=\"958\" height=\"963\" src=\"https:\/\/aerodecap72.fr\/wp-content\/uploads\/2024\/11\/IMG_4145.png\" alt=\"\" class=\"wp-image-43\" style=\"width:281px;height:auto\" srcset=\"https:\/\/aerodecap72.fr\/wp-content\/uploads\/2024\/11\/IMG_4145.png 958w, https:\/\/aerodecap72.fr\/wp-content\/uploads\/2024\/11\/IMG_4145-298x300.png 298w, https:\/\/aerodecap72.fr\/wp-content\/uploads\/2024\/11\/IMG_4145-150x150.png 150w, https:\/\/aerodecap72.fr\/wp-content\/uploads\/2024\/11\/IMG_4145-768x772.png 768w\" sizes=\"auto, (max-width: 958px) 100vw, 958px\" \/><\/figure>\n\n\n\n<p><strong>C&rsquo;est un d\u00e9capage \u00e9co-responsable !<\/strong> <\/p>\n\n\n\n<p>En effet, dans la plupart des cas, le choix d&rsquo;utiliser des mati\u00e8res abrasives recycl\u00e9es est largement encourag\u00e9 et privil\u00e9gi\u00e9.<\/p>\n\n\n\n<p>L&rsquo;A\u00e9rogommage n&rsquo;utilise pas d&rsquo;eau ni de produits chimiques.<\/p>\n\n\n\n<p><\/p>\n\n\n\n<p><strong>Des r\u00e9sultats visibles d\u00e8s le premier passage.<\/strong>&nbsp;D\u00e9couvrez la puissance du nettoyage par a\u00e9rogommage.<\/p>\n\n\n\n<p><\/p>\n\n\n\n<p class=\"has-text-align-center\" style=\"border-width:5px;font-size:clamp(1.092rem, 1.092rem + ((1vw - 0.2rem) * 1.013), 1.7rem);\"><strong>Des exemples :<\/strong><\/p>\n\n\n\n<figure class=\"wp-block-image size-large\"><img loading=\"lazy\" decoding=\"async\" width=\"1024\" height=\"543\" src=\"https:\/\/aerodecap72.fr\/wp-content\/uploads\/2025\/01\/IMG_5013-1024x543.jpg\" alt=\"\" class=\"wp-image-58\" srcset=\"https:\/\/aerodecap72.fr\/wp-content\/uploads\/2025\/01\/IMG_5013-1024x543.jpg 1024w, https:\/\/aerodecap72.fr\/wp-content\/uploads\/2025\/01\/IMG_5013-300x159.jpg 300w, https:\/\/aerodecap72.fr\/wp-content\/uploads\/2025\/01\/IMG_5013-768x408.jpg 768w, https:\/\/aerodecap72.fr\/wp-content\/uploads\/2025\/01\/IMG_5013-1536x815.jpg 1536w, https:\/\/aerodecap72.fr\/wp-content\/uploads\/2025\/01\/IMG_5013-2048x1087.jpg 2048w\" sizes=\"auto, (max-width: 1024px) 100vw, 1024px\" \/><\/figure>\n\n\n\n<p>D\u00e9capage muret de briques recouvert de mousses et algues tr\u00e8s tenaces.<\/p>\n\n\n\n<p><\/p>\n\n\n\n<p><\/p>\n\n\n\n<figure class=\"wp-block-image size-large\"><img loading=\"lazy\" decoding=\"async\" width=\"768\" height=\"1024\" src=\"https:\/\/aerodecap72.fr\/wp-content\/uploads\/2025\/01\/IMG_5015-768x1024.jpg\" alt=\"\" class=\"wp-image-59\" srcset=\"https:\/\/aerodecap72.fr\/wp-content\/uploads\/2025\/01\/IMG_5015-768x1024.jpg 768w, https:\/\/aerodecap72.fr\/wp-content\/uploads\/2025\/01\/IMG_5015-225x300.jpg 225w, https:\/\/aerodecap72.fr\/wp-content\/uploads\/2025\/01\/IMG_5015-1152x1536.jpg 1152w, https:\/\/aerodecap72.fr\/wp-content\/uploads\/2025\/01\/IMG_5015-1536x2048.jpg 1536w, https:\/\/aerodecap72.fr\/wp-content\/uploads\/2025\/01\/IMG_5015-scaled.jpg 1920w\" sizes=\"auto, (max-width: 768px) 100vw, 768px\" \/><\/figure>\n\n\n\n<p>D\u00e9capage de terrasse. A suivre courant Avril.<\/p>\n\n\n\n<p><\/p>\n\n\n\n<figure class=\"wp-block-image size-full\"><img loading=\"lazy\" decoding=\"async\" width=\"589\" height=\"745\" src=\"https:\/\/aerodecap72.fr\/wp-content\/uploads\/2025\/02\/visuel.jpg\" alt=\"\" class=\"wp-image-100\" srcset=\"https:\/\/aerodecap72.fr\/wp-content\/uploads\/2025\/02\/visuel.jpg 589w, https:\/\/aerodecap72.fr\/wp-content\/uploads\/2025\/02\/visuel-237x300.jpg 237w\" sizes=\"auto, (max-width: 589px) 100vw, 589px\" \/><figcaption class=\"wp-element-caption\">Screenshot<\/figcaption><\/figure>\n\n\n\n<p>D\u00e9capage int\u00e9gral d&rsquo;une carrosserie de voiture en cours de r\u00e9novation.<\/p>\n\n\n\n<p><\/p>\n","protected":false},"excerpt":{"rendered":"<p>C&rsquo;est un proc\u00e9d\u00e9 consistant \u00e0 projeter un m\u00e9lange d\u2019air comprim\u00e9 et de mati\u00e8res abrasives sur une surface afin d\u2019enlever des impuret\u00e9s, de la peinture, de la rouille ou d\u2019autres types de contaminants sans endommager la surface sous-jacente. C&rsquo;est un d\u00e9capage tout en douceur! Capable d&rsquo;effacer une carte de visite en conservant le carton comme neuf! [&hellip;]<\/p>\n","protected":false},"author":1,"featured_media":0,"parent":0,"menu_order":0,"comment_status":"closed","ping_status":"closed","template":"","meta":{"footnotes":""},"class_list":["post-39","page","type-page","status-publish","hentry"],"_links":{"self":[{"href":"https:\/\/aerodecap72.fr\/index.php\/wp-json\/wp\/v2\/pages\/39","targetHints":{"allow":["GET"]}}],"collection":[{"href":"https:\/\/aerodecap72.fr\/index.php\/wp-json\/wp\/v2\/pages"}],"about":[{"href":"https:\/\/aerodecap72.fr\/index.php\/wp-json\/wp\/v2\/types\/page"}],"author":[{"embeddable":true,"href":"https:\/\/aerodecap72.fr\/index.php\/wp-json\/wp\/v2\/users\/1"}],"replies":[{"embeddable":true,"href":"https:\/\/aerodecap72.fr\/index.php\/wp-json\/wp\/v2\/comments?post=39"}],"version-history":[{"count":10,"href":"https:\/\/aerodecap72.fr\/index.php\/wp-json\/wp\/v2\/pages\/39\/revisions"}],"predecessor-version":[{"id":102,"href":"https:\/\/aerodecap72.fr\/index.php\/wp-json\/wp\/v2\/pages\/39\/revisions\/102"}],"wp:attachment":[{"href":"https:\/\/aerodecap72.fr\/index.php\/wp-json\/wp\/v2\/media?parent=39"}],"curies":[{"name":"wp","href":"https:\/\/api.w.org\/{rel}","templated":true}]}}