{"id":2,"date":"2024-07-17T17:52:42","date_gmt":"2024-07-17T15:52:42","guid":{"rendered":"http:\/\/aerodecap72.fr\/?page_id=2"},"modified":"2025-02-06T08:30:07","modified_gmt":"2025-02-06T07:30:07","slug":"page-d-exemple","status":"publish","type":"page","link":"https:\/\/aerodecap72.fr\/index.php\/page-d-exemple\/","title":{"rendered":"Bienvenue"},"content":{"rendered":"\n<p class=\"has-accent-4-color has-accent-3-background-color has-text-color has-background has-link-color wp-elements-6af6708b7eea7e9b7d02e9f467f3c5f0\">A\u00e9roD\u00e9cap72 vous accompagne dans votre projet de r\u00e9novation d&rsquo;un meuble, d&rsquo;entretien d&rsquo;une terrasse, de d\u00e9capage d&rsquo;un vieux Solex, de r\u00e9fection de vos boiseries ou parquets&#8230;, de rajeunissement d&rsquo;une belle chemin\u00e9e ou relooking d&rsquo;un vieux Mado chin\u00e9 au coin d&rsquo;une rue, d&rsquo;\u00e9claircissement de vos statues ou fontaines dans votre parc, ou bien encore de redonner une nouvelle vie \u00e0 votre magnifique escalier recouvert de 40ans de vernis ou autre, ou m\u00eame de d\u00e9caper vos pi\u00e8ces industrielles pour entretien de vos machines, retrait de rouille ? <\/p>\n\n\n\n<p class=\"has-large-font-size\"><\/p>\n\n\n\n<p><\/p>\n","protected":false},"excerpt":{"rendered":"<p>A\u00e9roD\u00e9cap72 vous accompagne dans votre projet de r\u00e9novation d&rsquo;un meuble, d&rsquo;entretien d&rsquo;une terrasse, de d\u00e9capage d&rsquo;un vieux Solex, de r\u00e9fection de vos boiseries ou parquets&#8230;, de rajeunissement d&rsquo;une belle chemin\u00e9e ou relooking d&rsquo;un vieux Mado chin\u00e9 au coin d&rsquo;une rue, d&rsquo;\u00e9claircissement de vos statues ou fontaines dans votre parc, ou bien encore de redonner une [&hellip;]<\/p>\n","protected":false},"author":1,"featured_media":24,"parent":0,"menu_order":0,"comment_status":"closed","ping_status":"open","template":"","meta":{"footnotes":""},"class_list":["post-2","page","type-page","status-publish","has-post-thumbnail","hentry"],"_links":{"self":[{"href":"https:\/\/aerodecap72.fr\/index.php\/wp-json\/wp\/v2\/pages\/2","targetHints":{"allow":["GET"]}}],"collection":[{"href":"https:\/\/aerodecap72.fr\/index.php\/wp-json\/wp\/v2\/pages"}],"about":[{"href":"https:\/\/aerodecap72.fr\/index.php\/wp-json\/wp\/v2\/types\/page"}],"author":[{"embeddable":true,"href":"https:\/\/aerodecap72.fr\/index.php\/wp-json\/wp\/v2\/users\/1"}],"replies":[{"embeddable":true,"href":"https:\/\/aerodecap72.fr\/index.php\/wp-json\/wp\/v2\/comments?post=2"}],"version-history":[{"count":9,"href":"https:\/\/aerodecap72.fr\/index.php\/wp-json\/wp\/v2\/pages\/2\/revisions"}],"predecessor-version":[{"id":106,"href":"https:\/\/aerodecap72.fr\/index.php\/wp-json\/wp\/v2\/pages\/2\/revisions\/106"}],"wp:featuredmedia":[{"embeddable":true,"href":"https:\/\/aerodecap72.fr\/index.php\/wp-json\/wp\/v2\/media\/24"}],"wp:attachment":[{"href":"https:\/\/aerodecap72.fr\/index.php\/wp-json\/wp\/v2\/media?parent=2"}],"curies":[{"name":"wp","href":"https:\/\/api.w.org\/{rel}","templated":true}]}}